{"id":14125,"date":"2022-10-05T10:14:57","date_gmt":"2022-10-05T13:14:57","guid":{"rendered":"https:\/\/fas-amazonia.org\/blog-virgilio-viana\/?page_id=14125"},"modified":"2025-02-24T10:26:51","modified_gmt":"2025-02-24T13:26:51","slug":"blog-do-virgilio-viana","status":"publish","type":"page","link":"https:\/\/fas-amazonia.org\/blog-virgilio-viana\/","title":{"rendered":"BLOG DO VIRGILIO VIANA"},"content":{"rendered":"<p>[spb_row element_name=&#8221;SOBRE O AUTOR&#8221; wrap_type=&#8221;full-width-contained&#8221; row_bg_type=&#8221;color&#8221; row_bg_color=&#8221;#7ebb52&#8243; color_row_height=&#8221;content-height&#8221; bg_type=&#8221;cover&#8221; parallax_image_height=&#8221;content-height&#8221; parallax_image_movement=&#8221;fixed&#8221; parallax_image_speed=&#8221;standard&#8221; bg_video_loop=&#8221;yes&#8221; parallax_video_height=&#8221;window-height&#8221; row_top_style=&#8221;none&#8221; row_bottom_style=&#8221;none&#8221; parallax_video_overlay=&#8221;none&#8221; row_overlay_opacity=&#8221;0&#8243; remove_element_spacing=&#8221;no&#8221; row_col_spacing=&#8221;0&#8243; row_col_pos=&#8221;default&#8221; row_col_equal_heights=&#8221;no&#8221; row_expanding=&#8221;no&#8221; row_animation=&#8221;none&#8221; row_animation_delay=&#8221;0&#8243; minimize_row=&#8221;no&#8221; simplified_controls=&#8221;yes&#8221; custom_css_percentage=&#8221;no&#8221; custom_css=&#8221;margin-top: 0px;margin-bottom: 0px;&#8221; border_styling_global=&#8221;default&#8221; width=&#8221;1\/1&#8243; el_position=&#8221;first last&#8221;] [spb_blank_spacer height=&#8221;30px&#8221; width=&#8221;1\/1&#8243; el_position=&#8221;first last&#8221;] [spb_image image=&#8221;14160&#8243; image_size=&#8221;full&#8221; frame=&#8221;noframe&#8221; caption_pos=&#8221;hover&#8221; remove_rounded=&#8221;yes&#8221; fullwidth=&#8221;no&#8221; overflow_mode=&#8221;none&#8221; link_target=&#8221;_self&#8221; lightbox=&#8221;no&#8221; intro_animation=&#8221;none&#8221; animation_delay=&#8221;200&#8243; width=&#8221;1\/6&#8243; el_position=&#8221;first&#8221;][\/spb_image] [spb_text_block animation=&#8221;none&#8221; animation_delay=&#8221;0&#8243; simplified_controls=&#8221;yes&#8221; custom_css_percentage=&#8221;no&#8221; padding_vertical=&#8221;0&#8243; padding_horizontal=&#8221;0&#8243; margin_vertical=&#8221;0&#8243; custom_css=&#8221;margin-top: 0px;margin-bottom: 0px;&#8221; border_size=&#8221;0&#8243; border_styling_global=&#8221;default&#8221; width=&#8221;3\/4&#8243; el_position=&#8221;last&#8221;]<\/p>\n<p><span style=\"color: #ffffff;\"><strong>Virgilio Viana<\/strong> (Superintendente Geral da FAS)<\/span><\/p>\n<p><span style=\"color: #ffffff;\">Virgilio Viana \u00e9 o atual superintendente geral da Funda\u00e7\u00e3o Amaz\u00f4nia Sustent\u00e1vel (FAS)<\/span><\/p>\n<a class=\"sf-button standard accent default \" href=\"https:\/\/fas-amazonia.org\/blog-virgilio-viana\/sobre-o-autor\/\" target=\"_self\" rel=\"\"><span class=\"text\">VEJA MAIS<\/span><\/a>\n<p>[\/spb_text_block] [\/spb_row] [spb_row element_name=&#8221;ARTIGOS&#8221; wrap_type=&#8221;standard-width&#8221; row_bg_type=&#8221;color&#8221; color_row_height=&#8221;content-height&#8221; bg_type=&#8221;cover&#8221; parallax_image_height=&#8221;content-height&#8221; parallax_image_movement=&#8221;fixed&#8221; parallax_image_speed=&#8221;standard&#8221; bg_video_loop=&#8221;yes&#8221; parallax_video_height=&#8221;window-height&#8221; row_top_style=&#8221;none&#8221; row_bottom_style=&#8221;none&#8221; parallax_video_overlay=&#8221;none&#8221; row_overlay_opacity=&#8221;0&#8243; remove_element_spacing=&#8221;no&#8221; row_col_spacing=&#8221;0&#8243; row_col_pos=&#8221;default&#8221; row_col_equal_heights=&#8221;no&#8221; row_expanding=&#8221;no&#8221; row_animation=&#8221;none&#8221; row_animation_delay=&#8221;0&#8243; minimize_row=&#8221;no&#8221; simplified_controls=&#8221;yes&#8221; custom_css_percentage=&#8221;no&#8221; custom_css=&#8221;margin-top: 0px;margin-bottom: 0px;&#8221; border_styling_global=&#8221;default&#8221; width=&#8221;1\/1&#8243; el_position=&#8221;first last&#8221;] [spb_blank_spacer height=&#8221;30px&#8221; width=&#8221;1\/1&#8243; el_position=&#8221;first last&#8221;] [spb_text_block animation=&#8221;none&#8221; animation_delay=&#8221;0&#8243; simplified_controls=&#8221;yes&#8221; custom_css_percentage=&#8221;no&#8221; padding_vertical=&#8221;0&#8243; padding_horizontal=&#8221;0&#8243; margin_vertical=&#8221;0&#8243; custom_css=&#8221;margin-top: 0px;margin-bottom: 0px;&#8221; border_size=&#8221;0&#8243; border_styling_global=&#8221;default&#8221; width=&#8221;1\/1&#8243; el_position=&#8221;first last&#8221;]<\/p>\n<h1>ARTIGOS<\/h1>\n<p>[\/spb_text_block] [spb_blog blog_type=&#8221;masonry&#8221; gutters=&#8221;yes&#8221; columns=&#8221;3&#8243; fullwidth=&#8221;no&#8221; item_count=&#8221;3&#8243; category=&#8221;artigos&#8221; offset=&#8221;0&#8243; order_by=&#8221;date&#8221; order=&#8221;DESC&#8221; show_title=&#8221;yes&#8221; show_excerpt=&#8221;no&#8221; show_details=&#8221;no&#8221; excerpt_length=&#8221;20&#8243; content_output=&#8221;excerpt&#8221; show_read_more=&#8221;yes&#8221; social_integration=&#8221;no&#8221; blog_filter=&#8221;no&#8221; pagination=&#8221;none&#8221; alt_styling=&#8221;no&#8221; width=&#8221;1\/1&#8243; el_position=&#8221;first last&#8221;] [spb_button button_text=&#8221;VEJA MAIS ARTIGOS&#8221; button_size=&#8221;large&#8221; button_colour=&#8221;green&#8221; button_type=&#8221;standard&#8221; rounded=&#8221;no&#8221; button_dropshadow=&#8221;no&#8221; button_link=&#8221;https:\/\/fas-amazonia.org\/blog-virgilio-viana\/artigos\/&#8221; button_target=&#8221;_self&#8221; align=&#8221;center&#8221; animation=&#8221;none&#8221; animation_delay=&#8221;0&#8243; width=&#8221;1\/1&#8243; el_position=&#8221;first last&#8221;] [spb_blank_spacer height=&#8221;30px&#8221; width=&#8221;1\/1&#8243; el_position=&#8221;first last&#8221;] [spb_divider type=&#8221;standard&#8221; text=&#8221;Go to top&#8221; top_margin=&#8221;0px&#8221; bottom_margin=&#8221;30px&#8221; fullwidth=&#8221;no&#8221; width=&#8221;1\/1&#8243; el_position=&#8221;first last&#8221;] [\/spb_row] [spb_row element_name=&#8221;VIDEOS&#8221; wrap_type=&#8221;standard-width&#8221; row_bg_type=&#8221;color&#8221; color_row_height=&#8221;content-height&#8221; bg_type=&#8221;cover&#8221; parallax_image_height=&#8221;content-height&#8221; parallax_image_movement=&#8221;fixed&#8221; parallax_image_speed=&#8221;standard&#8221; bg_video_loop=&#8221;yes&#8221; parallax_video_height=&#8221;window-height&#8221; row_top_style=&#8221;none&#8221; row_bottom_style=&#8221;none&#8221; parallax_video_overlay=&#8221;none&#8221; row_overlay_opacity=&#8221;0&#8243; remove_element_spacing=&#8221;no&#8221; row_col_spacing=&#8221;0&#8243; row_col_pos=&#8221;default&#8221; row_col_equal_heights=&#8221;no&#8221; row_expanding=&#8221;no&#8221; row_animation=&#8221;none&#8221; row_animation_delay=&#8221;0&#8243; minimize_row=&#8221;no&#8221; simplified_controls=&#8221;yes&#8221; custom_css_percentage=&#8221;no&#8221; custom_css=&#8221;margin-top: 0px;margin-bottom: 0px;&#8221; border_styling_global=&#8221;default&#8221; width=&#8221;1\/1&#8243; el_position=&#8221;first last&#8221;] [spb_blank_spacer height=&#8221;30px&#8221; width=&#8221;1\/1&#8243; el_position=&#8221;first last&#8221;] [spb_text_block animation=&#8221;none&#8221; animation_delay=&#8221;0&#8243; simplified_controls=&#8221;yes&#8221; custom_css_percentage=&#8221;no&#8221; padding_vertical=&#8221;0&#8243; padding_horizontal=&#8221;0&#8243; margin_vertical=&#8221;0&#8243; custom_css=&#8221;margin-top: 0px;margin-bottom: 0px;&#8221; border_size=&#8221;0&#8243; border_styling_global=&#8221;default&#8221; width=&#8221;1\/1&#8243; el_position=&#8221;first last&#8221;]<\/p>\n<h1>V\u00cdDEOS<\/h1>\n<p>[\/spb_text_block] [spb_blog blog_type=&#8221;masonry&#8221; gutters=&#8221;yes&#8221; columns=&#8221;3&#8243; fullwidth=&#8221;no&#8221; item_count=&#8221;3&#8243; category=&#8221;videos&#8221; offset=&#8221;0&#8243; order_by=&#8221;date&#8221; order=&#8221;DESC&#8221; show_title=&#8221;yes&#8221; show_excerpt=&#8221;no&#8221; show_details=&#8221;no&#8221; excerpt_length=&#8221;0&#8243; content_output=&#8221;excerpt&#8221; show_read_more=&#8221;yes&#8221; social_integration=&#8221;no&#8221; blog_filter=&#8221;no&#8221; pagination=&#8221;none&#8221; alt_styling=&#8221;no&#8221; width=&#8221;1\/1&#8243; el_position=&#8221;first last&#8221;] [spb_button button_text=&#8221;VEJA MAIS V\u00cdDEOS&#8221; button_size=&#8221;large&#8221; button_colour=&#8221;green&#8221; button_type=&#8221;standard&#8221; rounded=&#8221;no&#8221; button_dropshadow=&#8221;no&#8221; button_link=&#8221;https:\/\/fas-amazonia.org\/blog-virgilio-viana\/videos\/&#8221; button_target=&#8221;_self&#8221; align=&#8221;center&#8221; animation=&#8221;none&#8221; animation_delay=&#8221;0&#8243; width=&#8221;1\/1&#8243; el_position=&#8221;first last&#8221;] [spb_blank_spacer height=&#8221;30px&#8221; width=&#8221;1\/1&#8243; el_position=&#8221;first last&#8221;] [\/spb_row]<\/p>\n","protected":false},"excerpt":{"rendered":"<p>[spb_row element_name=&#8221;SOBRE O AUTOR&#8221; wrap_type=&#8221;full-width-contained&#8221; row_bg_type=&#8221;color&#8221; row_bg_color=&#8221;#7ebb52&#8243; color_row_height=&#8221;content-height&#8221; bg_type=&#8221;cover&#8221; parallax_image_height=&#8221;content-height&#8221; parallax_image_movement=&#8221;fixed&#8221; parallax_image_speed=&#8221;standard&#8221; bg_video_loop=&#8221;yes&#8221; parallax_video_height=&#8221;window-height&#8221; row_top_style=&#8221;none&#8221; row_bottom_style=&#8221;none&#8221; parallax_video_overlay=&#8221;none&#8221; row_overlay_opacity=&#8221;0&#8243; remove_element_spacing=&#8221;no&#8221; row_col_spacing=&#8221;0&#8243; row_col_pos=&#8221;default&#8221; row_col_equal_heights=&#8221;no&#8221; row_expanding=&#8221;no&#8221; row_animation=&#8221;none&#8221; row_animation_delay=&#8221;0&#8243; minimize_row=&#8221;no&#8221; simplified_controls=&#8221;yes&#8221; custom_css_percentage=&#8221;no&#8221; custom_css=&#8221;margin-top: 0px;margin-bottom: 0px;&#8221; border_styling_global=&#8221;default&#8221; width=&#8221;1\/1&#8243; el_position=&#8221;first last&#8221;] [spb_blank_spacer height=&#8221;30px&#8221; width=&#8221;1\/1&#8243; el_position=&#8221;first last&#8221;] [spb_image image=&#8221;14160&#8243; image_size=&#8221;full&#8221; frame=&#8221;noframe&#8221; caption_pos=&#8221;hover&#8221; remove_rounded=&#8221;yes&#8221; fullwidth=&#8221;no&#8221; overflow_mode=&#8221;none&#8221; link_target=&#8221;_self&#8221; lightbox=&#8221;no&#8221; intro_animation=&#8221;none&#8221; animation_delay=&#8221;200&#8243; width=&#8221;1\/6&#8243; el_position=&#8221;first&#8221;][\/spb_image] [spb_text_block animation=&#8221;none&#8221; animation_delay=&#8221;0&#8243; simplified_controls=&#8221;yes&#8221; custom_css_percentage=&#8221;no&#8221; padding_vertical=&#8221;0&#8243; [&hellip;]<\/p>\n","protected":false},"author":5,"featured_media":0,"parent":0,"menu_order":0,"comment_status":"closed","ping_status":"closed","template":"","meta":{"footnotes":""},"class_list":["post-14125","page","type-page","status-publish","hentry"],"yoast_head":"<!-- This site is optimized with the Yoast SEO plugin v27.1.1 - https:\/\/yoast.com\/product\/yoast-seo-wordpress\/ -->\n<title>BLOG DO VIRGILIO VIANA - Blog Virgilio Viana<\/title>\n<meta name=\"robots\" content=\"index, follow, max-snippet:-1, max-image-preview:large, max-video-preview:-1\" \/>\n<link rel=\"canonical\" href=\"https:\/\/fas-amazonia.org\/blog-virgilio-viana\/\" \/>\n<meta property=\"og:locale\" content=\"pt_BR\" \/>\n<meta property=\"og:type\" content=\"article\" \/>\n<meta property=\"og:title\" content=\"BLOG DO VIRGILIO VIANA - Blog Virgilio Viana\" \/>\n<meta property=\"og:description\" content=\"[spb_row element_name=&#8221;SOBRE O AUTOR&#8221; wrap_type=&#8221;full-width-contained&#8221; row_bg_type=&#8221;color&#8221; row_bg_color=&#8221;#7ebb52&#8243; color_row_height=&#8221;content-height&#8221; bg_type=&#8221;cover&#8221; parallax_image_height=&#8221;content-height&#8221; parallax_image_movement=&#8221;fixed&#8221; parallax_image_speed=&#8221;standard&#8221; bg_video_loop=&#8221;yes&#8221; parallax_video_height=&#8221;window-height&#8221; row_top_style=&#8221;none&#8221; row_bottom_style=&#8221;none&#8221; parallax_video_overlay=&#8221;none&#8221; row_overlay_opacity=&#8221;0&#8243; remove_element_spacing=&#8221;no&#8221; row_col_spacing=&#8221;0&#8243; row_col_pos=&#8221;default&#8221; row_col_equal_heights=&#8221;no&#8221; row_expanding=&#8221;no&#8221; row_animation=&#8221;none&#8221; row_animation_delay=&#8221;0&#8243; minimize_row=&#8221;no&#8221; simplified_controls=&#8221;yes&#8221; custom_css_percentage=&#8221;no&#8221; custom_css=&#8221;margin-top: 0px;margin-bottom: 0px;&#8221; border_styling_global=&#8221;default&#8221; width=&#8221;1\/1&#8243; el_position=&#8221;first last&#8221;] [spb_blank_spacer height=&#8221;30px&#8221; width=&#8221;1\/1&#8243; el_position=&#8221;first last&#8221;] [spb_image image=&#8221;14160&#8243; image_size=&#8221;full&#8221; frame=&#8221;noframe&#8221; caption_pos=&#8221;hover&#8221; remove_rounded=&#8221;yes&#8221; fullwidth=&#8221;no&#8221; overflow_mode=&#8221;none&#8221; link_target=&#8221;_self&#8221; lightbox=&#8221;no&#8221; intro_animation=&#8221;none&#8221; animation_delay=&#8221;200&#8243; width=&#8221;1\/6&#8243; el_position=&#8221;first&#8221;][\/spb_image] [spb_text_block animation=&#8221;none&#8221; animation_delay=&#8221;0&#8243; simplified_controls=&#8221;yes&#8221; custom_css_percentage=&#8221;no&#8221; padding_vertical=&#8221;0&#8243; [&hellip;]\" \/>\n<meta property=\"og:url\" content=\"https:\/\/fas-amazonia.org\/blog-virgilio-viana\/\" \/>\n<meta property=\"og:site_name\" content=\"Blog Virgilio Viana\" \/>\n<meta property=\"article:modified_time\" content=\"2025-02-24T13:26:51+00:00\" \/>\n<meta name=\"twitter:card\" content=\"summary_large_image\" \/>\n<meta name=\"twitter:label1\" content=\"Est. tempo de leitura\" \/>\n\t<meta name=\"twitter:data1\" content=\"2 minutos\" \/>\n<script type=\"application\/ld+json\" class=\"yoast-schema-graph\">{\"@context\":\"https:\/\/schema.org\",\"@graph\":[{\"@type\":\"WebPage\",\"@id\":\"https:\/\/fas-amazonia.org\/blog-virgilio-viana\/\",\"url\":\"https:\/\/fas-amazonia.org\/blog-virgilio-viana\/\",\"name\":\"BLOG DO VIRGILIO VIANA - Blog Virgilio Viana\",\"isPartOf\":{\"@id\":\"https:\/\/fas-amazonia.org\/blog-virgilio-viana\/#website\"},\"datePublished\":\"2022-10-05T13:14:57+00:00\",\"dateModified\":\"2025-02-24T13:26:51+00:00\",\"breadcrumb\":{\"@id\":\"https:\/\/fas-amazonia.org\/blog-virgilio-viana\/#breadcrumb\"},\"inLanguage\":\"pt-BR\",\"potentialAction\":[{\"@type\":\"ReadAction\",\"target\":[\"https:\/\/fas-amazonia.org\/blog-virgilio-viana\/\"]}]},{\"@type\":\"BreadcrumbList\",\"@id\":\"https:\/\/fas-amazonia.org\/blog-virgilio-viana\/#breadcrumb\",\"itemListElement\":[{\"@type\":\"ListItem\",\"position\":1,\"name\":\"In\u00edcio\",\"item\":\"https:\/\/fas-amazonia.org\/blog-virgilio-viana\/\"},{\"@type\":\"ListItem\",\"position\":2,\"name\":\"BLOG DO VIRGILIO VIANA\"}]},{\"@type\":\"WebSite\",\"@id\":\"https:\/\/fas-amazonia.org\/blog-virgilio-viana\/#website\",\"url\":\"https:\/\/fas-amazonia.org\/blog-virgilio-viana\/\",\"name\":\"Blog Virgilio Viana\",\"description\":\"FAS Amaz\u00f4nia\",\"publisher\":{\"@id\":\"https:\/\/fas-amazonia.org\/blog-virgilio-viana\/#organization\"},\"potentialAction\":[{\"@type\":\"SearchAction\",\"target\":{\"@type\":\"EntryPoint\",\"urlTemplate\":\"https:\/\/fas-amazonia.org\/blog-virgilio-viana\/?s={search_term_string}\"},\"query-input\":{\"@type\":\"PropertyValueSpecification\",\"valueRequired\":true,\"valueName\":\"search_term_string\"}}],\"inLanguage\":\"pt-BR\"},{\"@type\":\"Organization\",\"@id\":\"https:\/\/fas-amazonia.org\/blog-virgilio-viana\/#organization\",\"name\":\"Blog Virgilio Viana\",\"url\":\"https:\/\/fas-amazonia.org\/blog-virgilio-viana\/\",\"logo\":{\"@type\":\"ImageObject\",\"inLanguage\":\"pt-BR\",\"@id\":\"https:\/\/fas-amazonia.org\/blog-virgilio-viana\/#\/schema\/logo\/image\/\",\"url\":\"https:\/\/fas-amazonia.org\/blog-virgilio-viana\/wp-content\/uploads\/2022\/11\/logo-blog-virgilio.png\",\"contentUrl\":\"https:\/\/fas-amazonia.org\/blog-virgilio-viana\/wp-content\/uploads\/2022\/11\/logo-blog-virgilio.png\",\"width\":320,\"height\":165,\"caption\":\"Blog Virgilio Viana\"},\"image\":{\"@id\":\"https:\/\/fas-amazonia.org\/blog-virgilio-viana\/#\/schema\/logo\/image\/\"}}]}<\/script>\n<!-- \/ Yoast SEO plugin. -->","yoast_head_json":{"title":"BLOG DO VIRGILIO VIANA - Blog Virgilio Viana","robots":{"index":"index","follow":"follow","max-snippet":"max-snippet:-1","max-image-preview":"max-image-preview:large","max-video-preview":"max-video-preview:-1"},"canonical":"https:\/\/fas-amazonia.org\/blog-virgilio-viana\/","og_locale":"pt_BR","og_type":"article","og_title":"BLOG DO VIRGILIO VIANA - Blog Virgilio Viana","og_description":"[spb_row element_name=&#8221;SOBRE O AUTOR&#8221; wrap_type=&#8221;full-width-contained&#8221; row_bg_type=&#8221;color&#8221; row_bg_color=&#8221;#7ebb52&#8243; color_row_height=&#8221;content-height&#8221; bg_type=&#8221;cover&#8221; parallax_image_height=&#8221;content-height&#8221; parallax_image_movement=&#8221;fixed&#8221; parallax_image_speed=&#8221;standard&#8221; bg_video_loop=&#8221;yes&#8221; parallax_video_height=&#8221;window-height&#8221; row_top_style=&#8221;none&#8221; row_bottom_style=&#8221;none&#8221; parallax_video_overlay=&#8221;none&#8221; row_overlay_opacity=&#8221;0&#8243; remove_element_spacing=&#8221;no&#8221; row_col_spacing=&#8221;0&#8243; row_col_pos=&#8221;default&#8221; row_col_equal_heights=&#8221;no&#8221; row_expanding=&#8221;no&#8221; row_animation=&#8221;none&#8221; row_animation_delay=&#8221;0&#8243; minimize_row=&#8221;no&#8221; simplified_controls=&#8221;yes&#8221; custom_css_percentage=&#8221;no&#8221; custom_css=&#8221;margin-top: 0px;margin-bottom: 0px;&#8221; border_styling_global=&#8221;default&#8221; width=&#8221;1\/1&#8243; el_position=&#8221;first last&#8221;] [spb_blank_spacer height=&#8221;30px&#8221; width=&#8221;1\/1&#8243; el_position=&#8221;first last&#8221;] [spb_image image=&#8221;14160&#8243; image_size=&#8221;full&#8221; frame=&#8221;noframe&#8221; caption_pos=&#8221;hover&#8221; remove_rounded=&#8221;yes&#8221; fullwidth=&#8221;no&#8221; overflow_mode=&#8221;none&#8221; link_target=&#8221;_self&#8221; lightbox=&#8221;no&#8221; intro_animation=&#8221;none&#8221; animation_delay=&#8221;200&#8243; width=&#8221;1\/6&#8243; el_position=&#8221;first&#8221;][\/spb_image] [spb_text_block animation=&#8221;none&#8221; animation_delay=&#8221;0&#8243; simplified_controls=&#8221;yes&#8221; custom_css_percentage=&#8221;no&#8221; padding_vertical=&#8221;0&#8243; [&hellip;]","og_url":"https:\/\/fas-amazonia.org\/blog-virgilio-viana\/","og_site_name":"Blog Virgilio Viana","article_modified_time":"2025-02-24T13:26:51+00:00","twitter_card":"summary_large_image","twitter_misc":{"Est. tempo de leitura":"2 minutos"},"schema":{"@context":"https:\/\/schema.org","@graph":[{"@type":"WebPage","@id":"https:\/\/fas-amazonia.org\/blog-virgilio-viana\/","url":"https:\/\/fas-amazonia.org\/blog-virgilio-viana\/","name":"BLOG DO VIRGILIO VIANA - Blog Virgilio Viana","isPartOf":{"@id":"https:\/\/fas-amazonia.org\/blog-virgilio-viana\/#website"},"datePublished":"2022-10-05T13:14:57+00:00","dateModified":"2025-02-24T13:26:51+00:00","breadcrumb":{"@id":"https:\/\/fas-amazonia.org\/blog-virgilio-viana\/#breadcrumb"},"inLanguage":"pt-BR","potentialAction":[{"@type":"ReadAction","target":["https:\/\/fas-amazonia.org\/blog-virgilio-viana\/"]}]},{"@type":"BreadcrumbList","@id":"https:\/\/fas-amazonia.org\/blog-virgilio-viana\/#breadcrumb","itemListElement":[{"@type":"ListItem","position":1,"name":"In\u00edcio","item":"https:\/\/fas-amazonia.org\/blog-virgilio-viana\/"},{"@type":"ListItem","position":2,"name":"BLOG DO VIRGILIO VIANA"}]},{"@type":"WebSite","@id":"https:\/\/fas-amazonia.org\/blog-virgilio-viana\/#website","url":"https:\/\/fas-amazonia.org\/blog-virgilio-viana\/","name":"Blog Virgilio Viana","description":"FAS Amaz\u00f4nia","publisher":{"@id":"https:\/\/fas-amazonia.org\/blog-virgilio-viana\/#organization"},"potentialAction":[{"@type":"SearchAction","target":{"@type":"EntryPoint","urlTemplate":"https:\/\/fas-amazonia.org\/blog-virgilio-viana\/?s={search_term_string}"},"query-input":{"@type":"PropertyValueSpecification","valueRequired":true,"valueName":"search_term_string"}}],"inLanguage":"pt-BR"},{"@type":"Organization","@id":"https:\/\/fas-amazonia.org\/blog-virgilio-viana\/#organization","name":"Blog Virgilio Viana","url":"https:\/\/fas-amazonia.org\/blog-virgilio-viana\/","logo":{"@type":"ImageObject","inLanguage":"pt-BR","@id":"https:\/\/fas-amazonia.org\/blog-virgilio-viana\/#\/schema\/logo\/image\/","url":"https:\/\/fas-amazonia.org\/blog-virgilio-viana\/wp-content\/uploads\/2022\/11\/logo-blog-virgilio.png","contentUrl":"https:\/\/fas-amazonia.org\/blog-virgilio-viana\/wp-content\/uploads\/2022\/11\/logo-blog-virgilio.png","width":320,"height":165,"caption":"Blog Virgilio Viana"},"image":{"@id":"https:\/\/fas-amazonia.org\/blog-virgilio-viana\/#\/schema\/logo\/image\/"}}]}},"_links":{"self":[{"href":"https:\/\/fas-amazonia.org\/blog-virgilio-viana\/wp-json\/wp\/v2\/pages\/14125","targetHints":{"allow":["GET"]}}],"collection":[{"href":"https:\/\/fas-amazonia.org\/blog-virgilio-viana\/wp-json\/wp\/v2\/pages"}],"about":[{"href":"https:\/\/fas-amazonia.org\/blog-virgilio-viana\/wp-json\/wp\/v2\/types\/page"}],"author":[{"embeddable":true,"href":"https:\/\/fas-amazonia.org\/blog-virgilio-viana\/wp-json\/wp\/v2\/users\/5"}],"replies":[{"embeddable":true,"href":"https:\/\/fas-amazonia.org\/blog-virgilio-viana\/wp-json\/wp\/v2\/comments?post=14125"}],"version-history":[{"count":41,"href":"https:\/\/fas-amazonia.org\/blog-virgilio-viana\/wp-json\/wp\/v2\/pages\/14125\/revisions"}],"predecessor-version":[{"id":14538,"href":"https:\/\/fas-amazonia.org\/blog-virgilio-viana\/wp-json\/wp\/v2\/pages\/14125\/revisions\/14538"}],"wp:attachment":[{"href":"https:\/\/fas-amazonia.org\/blog-virgilio-viana\/wp-json\/wp\/v2\/media?parent=14125"}],"curies":[{"name":"wp","href":"https:\/\/api.w.org\/{rel}","templated":true}]}}