{"id":14158,"date":"2022-10-05T11:40:43","date_gmt":"2022-10-05T14:40:43","guid":{"rendered":"https:\/\/fas-amazonia.org\/blog-virgilio-viana\/?page_id=14158"},"modified":"2025-01-27T15:28:31","modified_gmt":"2025-01-27T18:28:31","slug":"sobre-o-autor","status":"publish","type":"page","link":"https:\/\/fas-amazonia.org\/blog-virgilio-viana\/sobre-o-autor\/","title":{"rendered":"SOBRE O AUTOR"},"content":{"rendered":"<p>[spb_row element_name=&#8221;Row&#8221; wrap_type=&#8221;content-width&#8221; parallax_image_height=&#8221;content-height&#8221; parallax_image_movement=&#8221;fixed&#8221; parallax_image_speed=&#8221;0.5&#8243; bg_video_loop=&#8221;yes&#8221; parallax_video_height=&#8221;window-height&#8221; parallax_video_overlay=&#8221;none&#8221; row_overlay_opacity=&#8221;0&#8243; row_col_pos=&#8221;default&#8221; width=&#8221;1\/1&#8243; el_position=&#8221;first last&#8221;] [spb_image image=&#8221;14160&#8243; image_size=&#8221;full&#8221; frame=&#8221;noframe&#8221; caption_pos=&#8221;hover&#8221; remove_rounded=&#8221;yes&#8221; fullwidth=&#8221;no&#8221; overflow_mode=&#8221;none&#8221; link_target=&#8221;_self&#8221; lightbox=&#8221;no&#8221; intro_animation=&#8221;none&#8221; animation_delay=&#8221;200&#8243; width=&#8221;1\/4&#8243; el_position=&#8221;first&#8221;][\/spb_image] [spb_text_block animation=&#8221;none&#8221; animation_delay=&#8221;0&#8243; simplified_controls=&#8221;yes&#8221; custom_css_percentage=&#8221;no&#8221; padding_vertical=&#8221;0&#8243; padding_horizontal=&#8221;0&#8243; margin_vertical=&#8221;0&#8243; custom_css=&#8221;margin-top: 0px;margin-bottom: 0px;&#8221; border_size=&#8221;0&#8243; border_styling_global=&#8221;default&#8221; width=&#8221;3\/4&#8243; el_position=&#8221;last&#8221;]<\/p>\n<h3>Virgilio Viana<\/h3>\n<h4>Superintendente Geral da FAS<\/h4>\n<p><a href=\"https:\/\/www.instagram.com\/virgilioviana\/\" target=\"_blank\" rel=\"noopener\">Instagram<\/a>\u00a0|\u00a0<a href=\"https:\/\/www.linkedin.com\/in\/virgilio-viana\/\" target=\"_blank\" rel=\"noopener\">LinkedIn<\/a> |\u00a0<a href=\"https:\/\/www.youtube.com\/channel\/UC9ca6qaaea9Rcf6YlXVISwA\" target=\"_blank\" rel=\"noopener\">Youtube<\/a><\/p>\n<p>Virgilio Viana \u00e9 o atual superintendente geral da Funda\u00e7\u00e3o Amaz\u00f4nia Sustent\u00e1vel (FAS). Ele \u00e9 engenheiro florestal, formado pela Escola Superior de Agricultura Luiz de Queiroz (ESALQ\/USP), com PhD em Biologia Evolutiva pela Universidade de Harvard e p\u00f3s-doutorado em Desenvolvimento Sustent\u00e1vel pela Universidade da Fl\u00f3rida. Foi o primeiro secret\u00e1rio de Meio Ambiente e Desenvolvimento Sustent\u00e1vel do Amazonas, entre 2003 e 2008, respons\u00e1vel por reduzir o desmatamento em 66%, e atualmente tamb\u00e9m \u00e9 membro ordin\u00e1rio da Academia de Ci\u00eancias Sociais do Vaticano e professor associado da Funda\u00e7\u00e3o Dom Cabral.<\/p>\n<p>Entre 1989 e 2009, Virgilio foi professor do Departamento de Ci\u00eancias Florestais na ESALQ\/USP, com dezenas de livros e centenas de artigos publicados no Brasil e no exterior. Ele tamb\u00e9m coordenou o processo de consultas nacionais que deu origem ao Forest Stewardship Council (FSC), em 1993. Foi fundador e presidente do Imaflora (1993-2000). Participou da estrutura\u00e7\u00e3o do Center for International Research (CIFOR), do Instituto de Pesquisas Ecol\u00f3gicas (IP\u00ca) e do Fundo Brasileiro de Biodiversidade (Funbio). Foi presidente da Sociedade Brasileira de Etnobiologia e Etnoecologia (SBEE), da Associa\u00e7\u00e3o Paulista dos Engenheiros Florestais (APAEF) e vice-presidente da Associa\u00e7\u00e3o Brasileira dos Secret\u00e1rios de Estado do Meio Ambiente (Abema).<\/p>\n<p>Durante o per\u00edodo como secret\u00e1rio no Amazonas, Virgilio tamb\u00e9m coordenou o processo de concep\u00e7\u00e3o e implementa\u00e7\u00e3o do Programa de Desenvolvimento Sustent\u00e1vel \u201cZona Franca Verde\u201d, do Programa Bolsa Floresta e da primeira Lei de Mudan\u00e7as Clim\u00e1ticas do Brasil. Neste per\u00edodo, a \u00e1rea das Unidades de Conserva\u00e7\u00e3o do Estado aumentou em mais de 135%.<\/p>\n<p>[\/spb_text_block] [\/spb_row]<\/p>\n","protected":false},"excerpt":{"rendered":"<p>[spb_row element_name=&#8221;Row&#8221; wrap_type=&#8221;content-width&#8221; parallax_image_height=&#8221;content-height&#8221; parallax_image_movement=&#8221;fixed&#8221; parallax_image_speed=&#8221;0.5&#8243; bg_video_loop=&#8221;yes&#8221; parallax_video_height=&#8221;window-height&#8221; parallax_video_overlay=&#8221;none&#8221; row_overlay_opacity=&#8221;0&#8243; row_col_pos=&#8221;default&#8221; width=&#8221;1\/1&#8243; el_position=&#8221;first last&#8221;] [spb_image image=&#8221;14160&#8243; image_size=&#8221;full&#8221; frame=&#8221;noframe&#8221; caption_pos=&#8221;hover&#8221; remove_rounded=&#8221;yes&#8221; fullwidth=&#8221;no&#8221; overflow_mode=&#8221;none&#8221; link_target=&#8221;_self&#8221; lightbox=&#8221;no&#8221; intro_animation=&#8221;none&#8221; animation_delay=&#8221;200&#8243; width=&#8221;1\/4&#8243; el_position=&#8221;first&#8221;][\/spb_image] [spb_text_block animation=&#8221;none&#8221; animation_delay=&#8221;0&#8243; simplified_controls=&#8221;yes&#8221; custom_css_percentage=&#8221;no&#8221; padding_vertical=&#8221;0&#8243; padding_horizontal=&#8221;0&#8243; margin_vertical=&#8221;0&#8243; custom_css=&#8221;margin-top: 0px;margin-bottom: 0px;&#8221; border_size=&#8221;0&#8243; border_styling_global=&#8221;default&#8221; width=&#8221;3\/4&#8243; el_position=&#8221;last&#8221;] Virgilio Viana Superintendente Geral da FAS Instagram\u00a0|\u00a0LinkedIn |\u00a0Youtube Virgilio Viana \u00e9 o atual superintendente geral da Funda\u00e7\u00e3o [&hellip;]<\/p>\n","protected":false},"author":5,"featured_media":0,"parent":0,"menu_order":0,"comment_status":"closed","ping_status":"closed","template":"","meta":{"footnotes":""},"class_list":["post-14158","page","type-page","status-publish","hentry"],"yoast_head":"<!-- This site is optimized with the Yoast SEO plugin v27.1.1 - https:\/\/yoast.com\/product\/yoast-seo-wordpress\/ -->\n<title>SOBRE O AUTOR - Blog Virgilio Viana<\/title>\n<meta name=\"robots\" content=\"index, follow, max-snippet:-1, max-image-preview:large, max-video-preview:-1\" \/>\n<link rel=\"canonical\" href=\"https:\/\/fas-amazonia.org\/blog-virgilio-viana\/sobre-o-autor\/\" \/>\n<meta property=\"og:locale\" content=\"pt_BR\" \/>\n<meta property=\"og:type\" content=\"article\" \/>\n<meta property=\"og:title\" content=\"SOBRE O AUTOR - Blog Virgilio Viana\" \/>\n<meta property=\"og:description\" content=\"[spb_row element_name=&#8221;Row&#8221; wrap_type=&#8221;content-width&#8221; parallax_image_height=&#8221;content-height&#8221; parallax_image_movement=&#8221;fixed&#8221; parallax_image_speed=&#8221;0.5&#8243; bg_video_loop=&#8221;yes&#8221; parallax_video_height=&#8221;window-height&#8221; parallax_video_overlay=&#8221;none&#8221; row_overlay_opacity=&#8221;0&#8243; row_col_pos=&#8221;default&#8221; width=&#8221;1\/1&#8243; el_position=&#8221;first last&#8221;] [spb_image image=&#8221;14160&#8243; image_size=&#8221;full&#8221; frame=&#8221;noframe&#8221; caption_pos=&#8221;hover&#8221; remove_rounded=&#8221;yes&#8221; fullwidth=&#8221;no&#8221; overflow_mode=&#8221;none&#8221; link_target=&#8221;_self&#8221; lightbox=&#8221;no&#8221; intro_animation=&#8221;none&#8221; animation_delay=&#8221;200&#8243; width=&#8221;1\/4&#8243; el_position=&#8221;first&#8221;][\/spb_image] [spb_text_block animation=&#8221;none&#8221; animation_delay=&#8221;0&#8243; simplified_controls=&#8221;yes&#8221; custom_css_percentage=&#8221;no&#8221; padding_vertical=&#8221;0&#8243; padding_horizontal=&#8221;0&#8243; margin_vertical=&#8221;0&#8243; custom_css=&#8221;margin-top: 0px;margin-bottom: 0px;&#8221; border_size=&#8221;0&#8243; border_styling_global=&#8221;default&#8221; width=&#8221;3\/4&#8243; el_position=&#8221;last&#8221;] Virgilio Viana Superintendente Geral da FAS Instagram\u00a0|\u00a0LinkedIn |\u00a0Youtube Virgilio Viana \u00e9 o atual superintendente geral da Funda\u00e7\u00e3o [&hellip;]\" \/>\n<meta property=\"og:url\" content=\"https:\/\/fas-amazonia.org\/blog-virgilio-viana\/sobre-o-autor\/\" \/>\n<meta property=\"og:site_name\" content=\"Blog Virgilio Viana\" \/>\n<meta property=\"article:modified_time\" content=\"2025-01-27T18:28:31+00:00\" \/>\n<meta name=\"twitter:card\" content=\"summary_large_image\" \/>\n<meta name=\"twitter:label1\" content=\"Est. tempo de leitura\" \/>\n\t<meta name=\"twitter:data1\" content=\"2 minutos\" \/>\n<script type=\"application\/ld+json\" class=\"yoast-schema-graph\">{\"@context\":\"https:\/\/schema.org\",\"@graph\":[{\"@type\":\"WebPage\",\"@id\":\"https:\/\/fas-amazonia.org\/blog-virgilio-viana\/sobre-o-autor\/\",\"url\":\"https:\/\/fas-amazonia.org\/blog-virgilio-viana\/sobre-o-autor\/\",\"name\":\"SOBRE O AUTOR - Blog Virgilio Viana\",\"isPartOf\":{\"@id\":\"https:\/\/fas-amazonia.org\/blog-virgilio-viana\/#website\"},\"datePublished\":\"2022-10-05T14:40:43+00:00\",\"dateModified\":\"2025-01-27T18:28:31+00:00\",\"breadcrumb\":{\"@id\":\"https:\/\/fas-amazonia.org\/blog-virgilio-viana\/sobre-o-autor\/#breadcrumb\"},\"inLanguage\":\"pt-BR\",\"potentialAction\":[{\"@type\":\"ReadAction\",\"target\":[\"https:\/\/fas-amazonia.org\/blog-virgilio-viana\/sobre-o-autor\/\"]}]},{\"@type\":\"BreadcrumbList\",\"@id\":\"https:\/\/fas-amazonia.org\/blog-virgilio-viana\/sobre-o-autor\/#breadcrumb\",\"itemListElement\":[{\"@type\":\"ListItem\",\"position\":1,\"name\":\"In\u00edcio\",\"item\":\"https:\/\/fas-amazonia.org\/blog-virgilio-viana\/\"},{\"@type\":\"ListItem\",\"position\":2,\"name\":\"SOBRE O AUTOR\"}]},{\"@type\":\"WebSite\",\"@id\":\"https:\/\/fas-amazonia.org\/blog-virgilio-viana\/#website\",\"url\":\"https:\/\/fas-amazonia.org\/blog-virgilio-viana\/\",\"name\":\"Blog Virgilio Viana\",\"description\":\"FAS Amaz\u00f4nia\",\"publisher\":{\"@id\":\"https:\/\/fas-amazonia.org\/blog-virgilio-viana\/#organization\"},\"potentialAction\":[{\"@type\":\"SearchAction\",\"target\":{\"@type\":\"EntryPoint\",\"urlTemplate\":\"https:\/\/fas-amazonia.org\/blog-virgilio-viana\/?s={search_term_string}\"},\"query-input\":{\"@type\":\"PropertyValueSpecification\",\"valueRequired\":true,\"valueName\":\"search_term_string\"}}],\"inLanguage\":\"pt-BR\"},{\"@type\":\"Organization\",\"@id\":\"https:\/\/fas-amazonia.org\/blog-virgilio-viana\/#organization\",\"name\":\"Blog Virgilio Viana\",\"url\":\"https:\/\/fas-amazonia.org\/blog-virgilio-viana\/\",\"logo\":{\"@type\":\"ImageObject\",\"inLanguage\":\"pt-BR\",\"@id\":\"https:\/\/fas-amazonia.org\/blog-virgilio-viana\/#\/schema\/logo\/image\/\",\"url\":\"https:\/\/fas-amazonia.org\/blog-virgilio-viana\/wp-content\/uploads\/2022\/11\/logo-blog-virgilio.png\",\"contentUrl\":\"https:\/\/fas-amazonia.org\/blog-virgilio-viana\/wp-content\/uploads\/2022\/11\/logo-blog-virgilio.png\",\"width\":320,\"height\":165,\"caption\":\"Blog Virgilio Viana\"},\"image\":{\"@id\":\"https:\/\/fas-amazonia.org\/blog-virgilio-viana\/#\/schema\/logo\/image\/\"}}]}<\/script>\n<!-- \/ Yoast SEO plugin. -->","yoast_head_json":{"title":"SOBRE O AUTOR - Blog Virgilio Viana","robots":{"index":"index","follow":"follow","max-snippet":"max-snippet:-1","max-image-preview":"max-image-preview:large","max-video-preview":"max-video-preview:-1"},"canonical":"https:\/\/fas-amazonia.org\/blog-virgilio-viana\/sobre-o-autor\/","og_locale":"pt_BR","og_type":"article","og_title":"SOBRE O AUTOR - Blog Virgilio Viana","og_description":"[spb_row element_name=&#8221;Row&#8221; wrap_type=&#8221;content-width&#8221; parallax_image_height=&#8221;content-height&#8221; parallax_image_movement=&#8221;fixed&#8221; parallax_image_speed=&#8221;0.5&#8243; bg_video_loop=&#8221;yes&#8221; parallax_video_height=&#8221;window-height&#8221; parallax_video_overlay=&#8221;none&#8221; row_overlay_opacity=&#8221;0&#8243; row_col_pos=&#8221;default&#8221; width=&#8221;1\/1&#8243; el_position=&#8221;first last&#8221;] [spb_image image=&#8221;14160&#8243; image_size=&#8221;full&#8221; frame=&#8221;noframe&#8221; caption_pos=&#8221;hover&#8221; remove_rounded=&#8221;yes&#8221; fullwidth=&#8221;no&#8221; overflow_mode=&#8221;none&#8221; link_target=&#8221;_self&#8221; lightbox=&#8221;no&#8221; intro_animation=&#8221;none&#8221; animation_delay=&#8221;200&#8243; width=&#8221;1\/4&#8243; el_position=&#8221;first&#8221;][\/spb_image] [spb_text_block animation=&#8221;none&#8221; animation_delay=&#8221;0&#8243; simplified_controls=&#8221;yes&#8221; custom_css_percentage=&#8221;no&#8221; padding_vertical=&#8221;0&#8243; padding_horizontal=&#8221;0&#8243; margin_vertical=&#8221;0&#8243; custom_css=&#8221;margin-top: 0px;margin-bottom: 0px;&#8221; border_size=&#8221;0&#8243; border_styling_global=&#8221;default&#8221; width=&#8221;3\/4&#8243; el_position=&#8221;last&#8221;] Virgilio Viana Superintendente Geral da FAS Instagram\u00a0|\u00a0LinkedIn |\u00a0Youtube Virgilio Viana \u00e9 o atual superintendente geral da Funda\u00e7\u00e3o [&hellip;]","og_url":"https:\/\/fas-amazonia.org\/blog-virgilio-viana\/sobre-o-autor\/","og_site_name":"Blog Virgilio Viana","article_modified_time":"2025-01-27T18:28:31+00:00","twitter_card":"summary_large_image","twitter_misc":{"Est. tempo de leitura":"2 minutos"},"schema":{"@context":"https:\/\/schema.org","@graph":[{"@type":"WebPage","@id":"https:\/\/fas-amazonia.org\/blog-virgilio-viana\/sobre-o-autor\/","url":"https:\/\/fas-amazonia.org\/blog-virgilio-viana\/sobre-o-autor\/","name":"SOBRE O AUTOR - Blog Virgilio Viana","isPartOf":{"@id":"https:\/\/fas-amazonia.org\/blog-virgilio-viana\/#website"},"datePublished":"2022-10-05T14:40:43+00:00","dateModified":"2025-01-27T18:28:31+00:00","breadcrumb":{"@id":"https:\/\/fas-amazonia.org\/blog-virgilio-viana\/sobre-o-autor\/#breadcrumb"},"inLanguage":"pt-BR","potentialAction":[{"@type":"ReadAction","target":["https:\/\/fas-amazonia.org\/blog-virgilio-viana\/sobre-o-autor\/"]}]},{"@type":"BreadcrumbList","@id":"https:\/\/fas-amazonia.org\/blog-virgilio-viana\/sobre-o-autor\/#breadcrumb","itemListElement":[{"@type":"ListItem","position":1,"name":"In\u00edcio","item":"https:\/\/fas-amazonia.org\/blog-virgilio-viana\/"},{"@type":"ListItem","position":2,"name":"SOBRE O AUTOR"}]},{"@type":"WebSite","@id":"https:\/\/fas-amazonia.org\/blog-virgilio-viana\/#website","url":"https:\/\/fas-amazonia.org\/blog-virgilio-viana\/","name":"Blog Virgilio Viana","description":"FAS Amaz\u00f4nia","publisher":{"@id":"https:\/\/fas-amazonia.org\/blog-virgilio-viana\/#organization"},"potentialAction":[{"@type":"SearchAction","target":{"@type":"EntryPoint","urlTemplate":"https:\/\/fas-amazonia.org\/blog-virgilio-viana\/?s={search_term_string}"},"query-input":{"@type":"PropertyValueSpecification","valueRequired":true,"valueName":"search_term_string"}}],"inLanguage":"pt-BR"},{"@type":"Organization","@id":"https:\/\/fas-amazonia.org\/blog-virgilio-viana\/#organization","name":"Blog Virgilio Viana","url":"https:\/\/fas-amazonia.org\/blog-virgilio-viana\/","logo":{"@type":"ImageObject","inLanguage":"pt-BR","@id":"https:\/\/fas-amazonia.org\/blog-virgilio-viana\/#\/schema\/logo\/image\/","url":"https:\/\/fas-amazonia.org\/blog-virgilio-viana\/wp-content\/uploads\/2022\/11\/logo-blog-virgilio.png","contentUrl":"https:\/\/fas-amazonia.org\/blog-virgilio-viana\/wp-content\/uploads\/2022\/11\/logo-blog-virgilio.png","width":320,"height":165,"caption":"Blog Virgilio Viana"},"image":{"@id":"https:\/\/fas-amazonia.org\/blog-virgilio-viana\/#\/schema\/logo\/image\/"}}]}},"_links":{"self":[{"href":"https:\/\/fas-amazonia.org\/blog-virgilio-viana\/wp-json\/wp\/v2\/pages\/14158","targetHints":{"allow":["GET"]}}],"collection":[{"href":"https:\/\/fas-amazonia.org\/blog-virgilio-viana\/wp-json\/wp\/v2\/pages"}],"about":[{"href":"https:\/\/fas-amazonia.org\/blog-virgilio-viana\/wp-json\/wp\/v2\/types\/page"}],"author":[{"embeddable":true,"href":"https:\/\/fas-amazonia.org\/blog-virgilio-viana\/wp-json\/wp\/v2\/users\/5"}],"replies":[{"embeddable":true,"href":"https:\/\/fas-amazonia.org\/blog-virgilio-viana\/wp-json\/wp\/v2\/comments?post=14158"}],"version-history":[{"count":5,"href":"https:\/\/fas-amazonia.org\/blog-virgilio-viana\/wp-json\/wp\/v2\/pages\/14158\/revisions"}],"predecessor-version":[{"id":14518,"href":"https:\/\/fas-amazonia.org\/blog-virgilio-viana\/wp-json\/wp\/v2\/pages\/14158\/revisions\/14518"}],"wp:attachment":[{"href":"https:\/\/fas-amazonia.org\/blog-virgilio-viana\/wp-json\/wp\/v2\/media?parent=14158"}],"curies":[{"name":"wp","href":"https:\/\/api.w.org\/{rel}","templated":true}]}}